{"id":121,"date":"2020-02-08T16:20:12","date_gmt":"2020-02-08T16:20:12","guid":{"rendered":"http:\/\/steuerberater-semt.de\/?page_id=121"},"modified":"2020-02-08T16:20:12","modified_gmt":"2020-02-08T16:20:12","slug":"finanz-und-lohnbuchhaltung","status":"publish","type":"page","link":"https:\/\/steuerberater-semt.de\/?page_id=121","title":{"rendered":"Finanz- und Lohnbuchhaltung"},"content":{"rendered":"\n<div class=\"wp-block-columns is-layout-flex wp-container-core-columns-is-layout-1 wp-block-columns-is-layout-flex\">\n<div class=\"wp-block-column is-layout-flow wp-block-column-is-layout-flow\">\n<p>Wir bieten Ihnen ausf\u00fchrliche Betriebswirtschaftliche Auswertungen auf Grundlage Ihrer Buchhaltungsbelege, die Sie uns entweder klassisch in Papierform oder digital zur Verf\u00fcgung stellen k\u00f6nnen. <\/p>\n\n\n\n<p>F\u00fcr Ihre Mitarbeiter erstellen wir die Lohnabrechnung und nehmen die erforderlichen An- und Abmeldungen bei Finanz\u00e4mtern und Krankenkassen vor.  <\/p>\n<\/div>\n\n\n\n<div class=\"wp-block-column is-layout-flow wp-block-column-is-layout-flow\">\n<div class=\"wp-block-image\"><figure class=\"alignleft size-large is-resized\"><img loading=\"lazy\" decoding=\"async\" src=\"https:\/\/steuerberater-semt.de\/wp-content\/uploads\/2020\/02\/AdobeStock_286226534-1024x684.jpg\" alt=\"\" class=\"wp-image-122\" width=\"320\" height=\"213\" srcset=\"https:\/\/steuerberater-semt.de\/wp-content\/uploads\/2020\/02\/AdobeStock_286226534-1024x684.jpg 1024w, https:\/\/steuerberater-semt.de\/wp-content\/uploads\/2020\/02\/AdobeStock_286226534-300x200.jpg 300w, https:\/\/steuerberater-semt.de\/wp-content\/uploads\/2020\/02\/AdobeStock_286226534-768x513.jpg 768w, https:\/\/steuerberater-semt.de\/wp-content\/uploads\/2020\/02\/AdobeStock_286226534-1536x1025.jpg 1536w, https:\/\/steuerberater-semt.de\/wp-content\/uploads\/2020\/02\/AdobeStock_286226534.jpg 2048w\" sizes=\"(max-width: 320px) 100vw, 320px\" \/><\/figure><\/div>\n<\/div>\n<\/div>\n","protected":false},"excerpt":{"rendered":"<p>Wir bieten Ihnen ausf\u00fchrliche Betriebswirtschaftliche Auswertungen auf Grundlage Ihrer Buchhaltungsbelege, die Sie uns entweder klassisch in Papierform oder digital zur Verf\u00fcgung stellen k\u00f6nnen. F\u00fcr Ihre Mitarbeiter erstellen wir die Lohnabrechnung und nehmen die erforderlichen An- und Abmeldungen bei Finanz\u00e4mtern und Krankenkassen vor.<\/p>\n","protected":false},"author":1,"featured_media":0,"parent":0,"menu_order":0,"comment_status":"closed","ping_status":"closed","template":"","meta":{"footnotes":""},"class_list":["post-121","page","type-page","status-publish","hentry"],"_links":{"self":[{"href":"https:\/\/steuerberater-semt.de\/index.php?rest_route=\/wp\/v2\/pages\/121"}],"collection":[{"href":"https:\/\/steuerberater-semt.de\/index.php?rest_route=\/wp\/v2\/pages"}],"about":[{"href":"https:\/\/steuerberater-semt.de\/index.php?rest_route=\/wp\/v2\/types\/page"}],"author":[{"embeddable":true,"href":"https:\/\/steuerberater-semt.de\/index.php?rest_route=\/wp\/v2\/users\/1"}],"replies":[{"embeddable":true,"href":"https:\/\/steuerberater-semt.de\/index.php?rest_route=%2Fwp%2Fv2%2Fcomments&post=121"}],"version-history":[{"count":2,"href":"https:\/\/steuerberater-semt.de\/index.php?rest_route=\/wp\/v2\/pages\/121\/revisions"}],"predecessor-version":[{"id":124,"href":"https:\/\/steuerberater-semt.de\/index.php?rest_route=\/wp\/v2\/pages\/121\/revisions\/124"}],"wp:attachment":[{"href":"https:\/\/steuerberater-semt.de\/index.php?rest_route=%2Fwp%2Fv2%2Fmedia&parent=121"}],"curies":[{"name":"wp","href":"https:\/\/api.w.org\/{rel}","templated":true}]}}