{"id":24,"date":"2020-02-01T18:09:14","date_gmt":"2020-02-01T18:09:14","guid":{"rendered":"http:\/\/steuerberater-semt.de\/?page_id=24"},"modified":"2024-02-29T18:14:55","modified_gmt":"2024-02-29T18:14:55","slug":"__trashed-3","status":"publish","type":"page","link":"https:\/\/steuerberater-semt.de\/?page_id=24","title":{"rendered":"Datenschutzerkl\u00e4rung"},"content":{"rendered":"\n<p>1) Einleitung und Kontaktdaten des Verantwortlichen<br>1.1 Wir freuen uns, dass Sie unsere Website besuchen und bedanken uns f\u00fcr Ihr Interesse. Im Folgenden informieren wir Sie \u00fcber den Umgang mit Ihren personenbezogenen Daten bei der Nutzung unserer Website. Personenbezogene Daten sind hierbei alle Daten, mit denen Sie pers\u00f6nlich identifiziert werden k\u00f6nnen.<br>1.2 Verantwortlicher f\u00fcr die Datenverarbeitung auf dieser Website im Sinne der Datenschutz-Grundverordnung (DSGVO) ist Marko Semt, Semt Steuerberater, Ernst-Th\u00e4lmann-Stra\u00dfe 55, 15366 Neuenhagen, Deutschland, Tel.: +49 (0)3342 4241900, Fax: +49 (0)3342 4241919, E-Mail: info@steuerberater-semt.de. Der f\u00fcr die Verarbeitung von personenbezogenen Daten Verantwortliche ist diejenige nat\u00fcrliche oder juristische Person, die allein oder gemeinsam mit anderen \u00fcber die Zwecke und Mittel der Verarbeitung von personenbezogenen Daten entscheidet.<\/p>\n\n\n\n<p>2) Datenerfassung beim Besuch unserer Website<br>2.1 Bei der blo\u00df informatorischen Nutzung unserer Website, also wenn Sie sich nicht registrieren oder uns anderweitig Informationen \u00fcbermitteln, erheben wir nur solche Daten, die Ihr Browser an den Seitenserver \u00fcbermittelt (sog. \u201eServer-Logfiles\u201c). Wenn Sie unsere Website aufrufen, erheben wir die folgenden Daten, die f\u00fcr uns technisch erforderlich sind, um Ihnen die Website anzuzeigen:<\/p>\n\n\n\n<ul class=\"wp-block-list\">\n<li>Unsere besuchte Website<\/li>\n\n\n\n<li>Datum und Uhrzeit zum Zeitpunkt des Zugriffes<\/li>\n\n\n\n<li>Menge der gesendeten Daten in Byte<\/li>\n\n\n\n<li>Quelle\/Verweis, von welchem Sie auf die Seite gelangten<\/li>\n\n\n\n<li>Verwendeter Browser<\/li>\n\n\n\n<li>Verwendetes Betriebssystem<\/li>\n\n\n\n<li>Verwendete IP-Adresse (ggf.: in anonymisierter Form)<br>Die Verarbeitung erfolgt gem\u00e4\u00df Art. 6 Abs. 1 lit. f DSGVO auf Basis unseres berechtigten Interesses an der Verbesserung der Stabilit\u00e4t und Funktionalit\u00e4t unserer Website. Eine Weitergabe oder anderweitige Verwendung der Daten findet nicht statt. Wir behalten uns allerdings vor, die Server-Logfiles nachtr\u00e4glich zu \u00fcberpr\u00fcfen, sollten konkrete Anhaltspunkte auf eine rechtswidrige Nutzung hinweisen.<br>2.2 Diese Website nutzt aus Sicherheitsgr\u00fcnden und zum Schutz der \u00dcbertragung personenbezogener Daten und anderer vertraulicher Inhalte (z.B. Bestellungen oder Anfragen an den Verantwortlichen) eine SSL-bzw. TLS-Verschl\u00fcsselung. Sie k\u00f6nnen eine verschl\u00fcsselte Verbindung an der Zeichenfolge \u201ehttps:\/\/\u201c und dem Schloss-Symbol in Ihrer Browserzeile erkennen.<\/li>\n<\/ul>\n\n\n\n<p>3) Cookies<br>Um den Besuch unserer Website attraktiv zu gestalten und die Nutzung bestimmter Funktionen zu erm\u00f6glichen, verwenden wir Cookies, also kleine Textdateien, die auf Ihrem Endger\u00e4t abgelegt werden. Teilweise werden diese Cookies nach Schlie\u00dfen des Browsers automatisch wieder gel\u00f6scht (sog. \u201eSession-Cookies\u201c), teilweise verbleiben diese Cookies l\u00e4nger auf Ihrem Endger\u00e4t und erm\u00f6glichen das Speichern von Seiteneinstellungen (sog. \u201epersistente Cookies\u201c). Im letzteren Fall k\u00f6nnen Sie die Speicherdauer der \u00dcbersicht zu den Cookie-Einstellungen Ihres Webbrowsers entnehmen.<br>Sofern durch einzelne von uns eingesetzte Cookies auch personenbezogene Daten verarbeitet werden, erfolgt die Verarbeitung gem\u00e4\u00df Art. 6 Abs. 1 lit. b DSGVO entweder zur Durchf\u00fchrung des Vertrages, gem\u00e4\u00df Art. 6 Abs. 1 lit. a DSGVO im Falle einer erteilten Einwilligung oder gem\u00e4\u00df Art. 6 Abs. 1 lit. f DSGVO zur Wahrung unserer berechtigten Interessen an der bestm\u00f6glichen Funktionalit\u00e4t der Website sowie einer kundenfreundlichen und effektiven Ausgestaltung des Seitenbesuchs.<br>Sie k\u00f6nnen Ihren Browser so einstellen, dass Sie \u00fcber das Setzen von Cookies informiert werden und einzeln \u00fcber deren Annahme entscheiden oder die Annahme von Cookies f\u00fcr bestimmte F\u00e4lle oder generell ausschlie\u00dfen k\u00f6nnen.<br>Bitte beachten Sie, dass bei Nichtannahme von Cookies die Funktionalit\u00e4t unserer Website eingeschr\u00e4nkt sein kann.<\/p>\n\n\n\n<p>4) Kontaktaufnahme<br>Im Rahmen der Kontaktaufnahme mit uns (z.B. per Kontaktformular oder E-Mail) werden personenbezogene Daten erhoben. Welche Daten im Falle der Nutzung eines Kontaktformulars erhoben werden, ist aus dem jeweiligen Kontaktformular ersichtlich. Diese Daten werden ausschlie\u00dflich zum Zweck der Beantwortung Ihres Anliegens bzw. f\u00fcr die Kontaktaufnahme und die damit verbundene technische Administration gespeichert und verwendet.<br>Rechtsgrundlage f\u00fcr die Verarbeitung dieser Daten ist unser berechtigtes Interesse an der Beantwortung Ihres Anliegens gem\u00e4\u00df Art. 6 Abs. 1 lit. f DSGVO. Zielt Ihre Kontaktierung auf den Abschluss eines Vertrages ab, so ist zus\u00e4tzliche Rechtsgrundlage f\u00fcr die Verarbeitung Art. 6 Abs. 1 lit. b DSGVO. Ihre Daten werden nach abschlie\u00dfender Bearbeitung Ihrer Anfrage gel\u00f6scht. Dies ist der Fall, wenn sich aus den Umst\u00e4nden entnehmen l\u00e4sst, dass der betroffene Sachverhalt abschlie\u00dfend gekl\u00e4rt ist und sofern keine gesetzlichen Aufbewahrungspflichten entgegenstehen.<\/p>\n\n\n\n<p>5) Registrierung beim Portal bzw. Forum<br>Sie k\u00f6nnen sich auf unserer Website unter Angabe von personenbezogenen Daten registrieren. Welche personenbezogenen Daten f\u00fcr die Registrierung verarbeitet werden, ergibt sich aus der Eingabemaske, die f\u00fcr die Registrierung verwendet wird. Wir verwenden f\u00fcr die Registrierung das sog. Double-opt-in-Verfahren, d.h. Ihre Registrierung ist erst abgeschlossen, wenn Sie zuvor Ihre Anmeldung \u00fcber eine Ihnen zu diesem Zweck zugesandte Best\u00e4tigungs-E-Mail durch Klick auf den darin enthaltenem Link best\u00e4tigt haben. Falls Ihre diesbez\u00fcgliche Best\u00e4tigung nicht binnen 24 Stunden erfolgt, wird Ihre Anmeldung automatisch aus unserer Datenbank gel\u00f6scht. Die Angabe der zuvor genannten Daten ist verpflichtend. Alle weiteren Informationen k\u00f6nnen Sie freiwillig durch Nutzung unseres Portals bereitstellen.<br>Wenn Sie unser Portal nutzen, speichern wir Ihre zur Vertragserf\u00fcllung erforderlichen Daten, auch evtl. Angaben zur Zahlungsweise, bis Sie Ihren Zugang endg\u00fcltig l\u00f6schen. Weiterhin speichern wir die von Ihnen angegebenen freiwilligen Daten f\u00fcr die Zeit Ihrer Nutzung des Portals, soweit Sie diese nicht zuvor l\u00f6schen. Alle Angaben k\u00f6nnen Sie im gesch\u00fctzten Kundenbereich verwalten und \u00e4ndern. Rechtsgrundlage ist Art. 6 Abs. 1 lit. f DSGVO.<br>Dar\u00fcber hinaus speichern wir alle von Ihnen ver\u00f6ffentlichten Inhalte (wie z.B. \u00f6ffentliche Beitr\u00e4ge, Pinnwandeintr\u00e4ge, G\u00e4stebucheintragungen, etc.), um die Website zu betreiben. Wir haben ein berechtigtes Interesse an der Bereitstellung der Website mit dem vollst\u00e4ndigen User-Generated-Content. Die Rechtsgrundlage hierf\u00fcr ist Art. 6 Abs. 1 lit. f DSGVO. Wenn Sie Ihren Account l\u00f6schen, bleiben Ihre \u00f6ffentlichen \u00c4u\u00dferungen, insbesondere im Forum, weiterhin f\u00fcr alle Leser sichtbar, Ihr Account ist jedoch nicht mehr abrufbar. Alle \u00fcbrigen Daten werden in diesem Fall gel\u00f6scht.<\/p>\n\n\n\n<p>6) Webanalysedienste<br>Google (Universal) Analytics<br>Diese Website benutzt Google (Universal) Analytics, einen Webanalysedienst der Google Ireland Limited, Gordon House, 4 Barrow St, Dublin, D04 E5W5, Irland (&#8222;Google&#8220;), der eine Analyse Ihrer Benutzung unserer Website erm\u00f6glicht.<br>Standardm\u00e4\u00dfig werden beim Besuch der Website durch Google (Universal) Analytics Cookies gesetzt, die als kleine Textbausteine auf Ihrem Endger\u00e4t abgelegt werden und bestimmte Informationen erheben. Zum Umfang dieser Informationen geh\u00f6rt auch Ihre IP-Adresse, die allerdings von Google um die letzten Ziffern gek\u00fcrzt wird, um eine direkte Personenbeziehbarkeit auszuschlie\u00dfen.<br>Die Informationen werden an Server von Google \u00fcbertragen und dort weiterverarbeitet. Dabei sind auch \u00dcbermittlungen an Google LLC mit Sitz in den USA m\u00f6glich.<br>Google nutzt die erhobenen Informationen in unserem Auftrag, um Ihre Nutzung der Website auszuwerten, Reports \u00fcber die Websiteaktivit\u00e4ten f\u00fcr uns zusammenzustellen und um weitere mit der Websitenutzung und der Internetnutzung verbundene Dienstleistungen zu erbringen. Die im Rahmen von Google Analytics von Ihrem Browser \u00fcbermittelte und gek\u00fcrzte IP-Adresse wird nicht mit anderen Daten von Google zusammengef\u00fchrt. Die im Rahmen der Nutzung von Google (Universal) Analytics erhobenen Daten werden f\u00fcr die Dauer von zwei Monaten gespeichert und anschlie\u00dfend gel\u00f6scht.<br>Alle vorstehend beschriebenen Verarbeitungen, insbesondere das Setzen von Cookies auf dem verwendeten Endger\u00e4t, erfolgen nur, wenn Sie uns hierf\u00fcr Ihre ausdr\u00fcckliche Einwilligung gem. Art. 6 Abs. 1 lit. a DSGVO erteilt haben.<br>Ohne Ihre Einwilligung unterbleibt der Einsatz von Google (Universal) Analytics w\u00e4hrend Ihres Seitenbesuchs. Sie k\u00f6nnen Ihre erteilte Einwilligung mit Wirkung f\u00fcr die Zukunft jederzeit widerrufen. Um Ihr Widerrufsrecht auszu\u00fcben, deaktivieren Sie bitte diesen Dienst \u00fcber das auf der Website bereitgestellte \u201eCookie-Consent-Tool\u201c.<br>Wir haben mit Google einen Auftragsverarbeitungsvertrag geschlossen, der den Schutz der Daten unserer Seitenbesucher sicherstellt und eine unberechtigte Weitergabe an Dritte untersagt.<br>Weitere rechtliche Hinweise zu Google (Universal) Analytics finden Sie unter https:\/\/policies.google.com\/privacy?hl=de&amp;gl=de und unter https:\/\/policies.google.com\/technologies\/partner-sites<br>Demografische Merkmale<br>Google (Universal) Analytics nutzt die spezielle Funktion \u201edemografische Merkmale\u201c und kann dar\u00fcber Statistiken erstellen, die Aussagen \u00fcber das Alter, Geschlecht und Interessen von Seitenbesuchern treffen. Dies geschieht durch die Analyse von Werbung und Informationen von Drittanbietern. Dadurch k\u00f6nnen Zielgruppen f\u00fcr Marketingaktivit\u00e4ten identifiziert werden. Die gesammelten Daten k\u00f6nnen jedoch keiner bestimmten Person zugeordnet werden und werden nach einer Speicherung f\u00fcr die Dauer von zwei Monaten gel\u00f6scht.<br>Google Signals<br>Als Erweiterung zu Google (Universal) Analytics kann auf dieser Website Google Signals verwendet werden, um ger\u00e4te\u00fcbergreifende Berichte erstellen zu lassen. Wenn Sie personalisierte Anzeigen aktiviert haben und Ihre Ger\u00e4te mit Ihrem Google-Konto verkn\u00fcpft haben, kann Google vorbehaltlich Ihrer Einwilligung zur Nutzung von Google Analytics gem. Art. 6 Abs. 1 lit. a DSGVO Ihr Nutzungsverhalten ger\u00e4te\u00fcbergreifend analysieren und Datenbankmodelle, unter anderem zu ger\u00e4te\u00fcbergreifenden Conversions, erstellen. Wir erhalten keine personenbezogenen Daten von Google, sondern nur Statistiken. Wenn Sie die ger\u00e4te\u00fcbergreifende Analyse stoppen m\u00f6chten, k\u00f6nnen Sie die Funktion &#8222;Personalisierte Werbung&#8220; in den Einstellungen Ihres Google-Kontos deaktivieren. Folgen Sie dazu den Anweisungen auf dieser Seite: https:\/\/support.google.com\/ads\/answer\/2662922?hl=de Weitere Informationen zu Google Signals finden Sie unter folgendem Link: https:\/\/support.google.com\/analytics\/answer\/7532985?hl=de<br>UserIDs<br>Als Erweiterung zu Google (Universal) Analytics kann auf dieser Website die Funktion &#8222;UserIDs&#8220; verwendet werden. Wenn Sie in die Nutzung von Google (Universal) Analytics gem. Art. 6 Abs. 1 lit. a DSGVO eingewilligt, ein Konto auf dieser Website eingerichtet haben und sich auf verschiedenen Ger\u00e4ten mit diesem Konto anmelden, k\u00f6nnen Ihre Aktivit\u00e4ten, darunter auch Conversions, ger\u00e4te\u00fcbergreifend analysiert werden.<br>F\u00fcr Daten\u00fcbermittlungen in die USA hat sich der Anbieter dem EU-US-Datenschutzrahmen (EU-US Data Privacy Framework) angeschlossen, das auf Basis eines Angemessenheitsbeschlusses der Europ\u00e4ischen Kommission die Einhaltung des europ\u00e4ischen Datenschutzniveaus&nbsp;sicherstellt.<\/p>\n\n\n\n<p>7) Seitenfunktionalit\u00e4ten<br>Google Kundenrezensionen (ehemals Google Zertifizierter-H\u00e4ndler-Programm)<br>Wir arbeiten mit Google im Rahmen des Programms \u201eGoogle Kundenrezensionen\u201c zusammen. Der Anbieter ist Google Ireland Limited, Gordon House, 4 Barrow St, Dublin, D04 E5W5, Irland (\u201cGoogle\u201d). Dieses Programm gibt uns die M\u00f6glichkeit, Kundenrezensionen von Nutzern unserer Website einzuholen. Hierbei werden Sie nach einem Einkauf auf unserer Website gefragt, ob Sie an einer E-Mail-Umfrage von Google teilnehmen m\u00f6chten.<br>Wenn Sie Ihre Einwilligung gem\u00e4\u00df Art. 6 Abs. 1 lit. a DSGVO erteilen, \u00fcbermitteln wir Ihre E-Mail-Adresse an Google. Sie erhalten eine E-Mail von Google Kundenrezensionen, in der Sie gebeten werden, die Kauferfahrung auf unserer Website zu bewerten. Die von Ihnen abgegebene Bewertung wird anschlie\u00dfend mit unseren anderen Bewertungen zusammengefasst und in unserem Logo Google Kundenrezensionen sowie in unserem Merchant Center-Dashboard angezeigt. Au\u00dferdem wird Ihre Bewertung f\u00fcr Google Verk\u00e4uferbewertungen genutzt. Im Rahmen der Nutzung von Google Kundenrezensionen kann es auch zu einer \u00dcbermittlung von personenbezogenen Daten an die Server der Google LLC. in den USA kommen.<br>Sie k\u00f6nnen Ihre Einwilligung jederzeit durch eine Nachricht an den f\u00fcr die Datenverarbeitung Verantwortlichen oder gegen\u00fcber Google widerrufen.<br>F\u00fcr Daten\u00fcbermittlungen in die USA hat sich der Anbieter dem EU-US-Datenschutzrahmen (EU-US Data Privacy Framework) angeschlossen, das auf Basis eines Angemessenheitsbeschlusses der Europ\u00e4ischen Kommission die Einhaltung des europ\u00e4ischen Datenschutzniveaus&nbsp;sicherstellt.<\/p>\n\n\n\n<p>8) Rechte des Betroffenen<br>8.1 Das geltende Datenschutzrecht gew\u00e4hrt Ihnen gegen\u00fcber dem Verantwortlichen hinsichtlich der Verarbeitung Ihrer personenbezogenen Daten die nachstehenden Betroffenenrechte (Auskunfts- und Interventionsrechte), wobei f\u00fcr die jeweiligen Aus\u00fcbungsvoraussetzungen auf die angef\u00fchrte Rechtsgrundlage verwiesen wird:<\/p>\n\n\n\n<ul class=\"wp-block-list\">\n<li>Auskunftsrecht gem\u00e4\u00df Art. 15 DSGVO;<\/li>\n\n\n\n<li>Recht auf Berichtigung gem\u00e4\u00df Art. 16 DSGVO;<\/li>\n\n\n\n<li>Recht auf L\u00f6schung gem\u00e4\u00df Art. 17 DSGVO;<\/li>\n\n\n\n<li>Recht auf Einschr\u00e4nkung der Verarbeitung gem\u00e4\u00df Art. 18 DSGVO;<\/li>\n\n\n\n<li>Recht auf Unterrichtung gem\u00e4\u00df Art. 19 DSGVO;<\/li>\n\n\n\n<li>Recht auf Daten\u00fcbertragbarkeit gem\u00e4\u00df Art. 20 DSGVO;<\/li>\n\n\n\n<li>Recht auf Widerruf erteilter Einwilligungen gem\u00e4\u00df Art. 7 Abs. 3 DSGVO;<\/li>\n\n\n\n<li>Recht auf Beschwerde gem\u00e4\u00df Art. 77 DSGVO.<br><br>8.2 WIDERSPRUCHSRECHT<br>WENN WIR IM RAHMEN EINER INTERESSENABW\u00c4GUNG IHRE PERSONENBEZOGENEN DATEN AUFGRUND UNSERES \u00dcBERWIEGENDEN BERECHTIGTEN INTERESSES VERARBEITEN, HABEN SIE DAS JEDERZEITIGE RECHT, AUS GR\u00dcNDEN, DIE SICH AUS IHRER BESONDEREN SITUATION ERGEBEN, GEGEN DIESE VERARBEITUNG WIDERSPRUCH MIT WIRKUNG F\u00dcR DIE ZUKUNFT EINZULEGEN.<br>MACHEN SIE VON IHREM WIDERSPRUCHSRECHT GEBRAUCH, BEENDEN WIR DIE VERARBEITUNG DER BETROFFENEN DATEN. EINE WEITERVERARBEITUNG BLEIBT ABER VORBEHALTEN, WENN WIR ZWINGENDE SCHUTZW\u00dcRDIGE GR\u00dcNDE F\u00dcR DIE VERARBEITUNG NACHWEISEN K\u00d6NNEN, DIE IHRE INTERESSEN, GRUNDRECHTE UND GRUNDFREIHEITEN \u00dcBERWIEGEN, ODER WENN DIE VERARBEITUNG DER GELTENDMACHUNG, AUS\u00dcBUNG ODER VERTEIDIGUNG VON RECHTSANSPR\u00dcCHEN DIENT.<br>WERDEN IHRE PERSONENBEZOGENEN DATEN VON UNS VERARBEITET, UM DIREKTWERBUNG ZU BETREIBEN, HABEN SIE DAS RECHT, JEDERZEIT WIDERSPRUCH GEGEN DIE VERARBEITUNG SIE BETREFFENDER PERSONENBEZOGENER DATEN ZUM ZWECKE DERARTIGER WERBUNG EINZULEGEN. SIE K\u00d6NNEN DEN WIDERSPRUCH WIE OBEN BESCHRIEBEN AUS\u00dcBEN.<br>MACHEN SIE VON IHREM WIDERSPRUCHSRECHT GEBRAUCH, BEENDEN WIR DIE VERARBEITUNG DER BETROFFENEN DATEN ZU DIREKTWERBEZWECKEN.<\/li>\n<\/ul>\n\n\n\n<p>9) Dauer der Speicherung personenbezogener Daten<br>Die Dauer der Speicherung von personenbezogenen Daten bemisst sich anhand der jeweiligen Rechtsgrundlage, am Verarbeitungszweck und \u2013 sofern einschl\u00e4gig \u2013 zus\u00e4tzlich anhand der jeweiligen gesetzlichen Aufbewahrungsfrist (z.B. handels- und steuerrechtliche Aufbewahrungsfristen).<br>Bei der Verarbeitung von personenbezogenen Daten auf Grundlage einer ausdr\u00fccklichen Einwilligung gem\u00e4\u00df Art. 6 Abs. 1 lit. a DSGVO werden die betroffenen Daten so lange gespeichert, bis Sie Ihre Einwilligung widerrufen.<br>Existieren gesetzliche Aufbewahrungsfristen f\u00fcr Daten, die im Rahmen rechtsgesch\u00e4ftlicher bzw. rechtsgesch\u00e4fts\u00e4hnlicher Verpflichtungen auf der Grundlage von Art. 6 Abs. 1 lit. b DSGVO verarbeitet werden, werden diese Daten nach Ablauf der Aufbewahrungsfristen routinem\u00e4\u00dfig gel\u00f6scht, sofern sie nicht mehr zur Vertragserf\u00fcllung oder Vertragsanbahnung erforderlich sind und\/oder unsererseits kein berechtigtes Interesse an der Weiterspeicherung fortbesteht.<br>Bei der Verarbeitung von personenbezogenen Daten auf Grundlage von Art. 6 Abs. 1 lit. f DSGVO werden diese Daten so lange gespeichert, bis Sie Ihr Widerspruchsrecht nach Art. 21 Abs. 1 DSGVO aus\u00fcben, es sei denn, wir k\u00f6nnen zwingende schutzw\u00fcrdige Gr\u00fcnde f\u00fcr die Verarbeitung nachweisen, die Ihre Interessen, Rechte und Freiheiten \u00fcberwiegen, oder die Verarbeitung dient der Geltendmachung, Aus\u00fcbung oder Verteidigung von Rechtsanspr\u00fcchen.<br>Bei der Verarbeitung von personenbezogenen Daten zum Zwecke der Direktwerbung auf Grundlage von Art. 6 Abs. 1 lit. f DSGVO werden diese Daten so lange gespeichert, bis Sie Ihr Widerspruchsrecht nach Art. 21 Abs. 2 DSGVO aus\u00fcben.<br>Sofern sich aus den sonstigen Informationen dieser Erkl\u00e4rung \u00fcber spezifische Verarbeitungssituationen nichts anderes ergibt, werden gespeicherte personenbezogene Daten im \u00dcbrigen dann gel\u00f6scht, wenn sie f\u00fcr die Zwecke, f\u00fcr die sie erhoben oder auf sonstige Weise verarbeitet wurden, nicht mehr notwendig sind.<\/p>\n","protected":false},"excerpt":{"rendered":"<p>1) Einleitung und Kontaktdaten des Verantwortlichen1.1 Wir freuen uns, dass Sie unsere Website besuchen und bedanken uns f\u00fcr Ihr Interesse. Im Folgenden informieren wir Sie \u00fcber den Umgang mit Ihren personenbezogenen Daten bei der Nutzung unserer Website. Personenbezogene Daten sind hierbei alle Daten, mit denen Sie pers\u00f6nlich identifiziert werden k\u00f6nnen.1.2 Verantwortlicher f\u00fcr die Datenverarbeitung auf &hellip; <\/p>\n<p class=\"link-more\"><a href=\"https:\/\/steuerberater-semt.de\/?page_id=24\" class=\"more-link\"><span class=\"screen-reader-text\">\u201eDatenschutzerkl\u00e4rung\u201c<\/span> weiterlesen<\/a><\/p>\n","protected":false},"author":1,"featured_media":0,"parent":0,"menu_order":0,"comment_status":"closed","ping_status":"closed","template":"","meta":{"footnotes":""},"class_list":["post-24","page","type-page","status-publish","hentry"],"_links":{"self":[{"href":"https:\/\/steuerberater-semt.de\/index.php?rest_route=\/wp\/v2\/pages\/24"}],"collection":[{"href":"https:\/\/steuerberater-semt.de\/index.php?rest_route=\/wp\/v2\/pages"}],"about":[{"href":"https:\/\/steuerberater-semt.de\/index.php?rest_route=\/wp\/v2\/types\/page"}],"author":[{"embeddable":true,"href":"https:\/\/steuerberater-semt.de\/index.php?rest_route=\/wp\/v2\/users\/1"}],"replies":[{"embeddable":true,"href":"https:\/\/steuerberater-semt.de\/index.php?rest_route=%2Fwp%2Fv2%2Fcomments&post=24"}],"version-history":[{"count":3,"href":"https:\/\/steuerberater-semt.de\/index.php?rest_route=\/wp\/v2\/pages\/24\/revisions"}],"predecessor-version":[{"id":224,"href":"https:\/\/steuerberater-semt.de\/index.php?rest_route=\/wp\/v2\/pages\/24\/revisions\/224"}],"wp:attachment":[{"href":"https:\/\/steuerberater-semt.de\/index.php?rest_route=%2Fwp%2Fv2%2Fmedia&parent=24"}],"curies":[{"name":"wp","href":"https:\/\/api.w.org\/{rel}","templated":true}]}}